{"id":4714,"date":"2026-04-08T09:14:55","date_gmt":"2026-04-08T09:14:55","guid":{"rendered":"https:\/\/wocwithoneclick.org\/?page_id=4714"},"modified":"2026-04-27T06:54:33","modified_gmt":"2026-04-27T06:54:33","slug":"registration-gr","status":"publish","type":"page","link":"https:\/\/wocwithoneclick.org\/en\/registration-gr\/","title":{"rendered":"Registration GR"},"content":{"rendered":"\t\t<div data-elementor-type=\"wp-page\" data-elementor-id=\"4714\" class=\"elementor elementor-4714\" data-elementor-post-type=\"page\">\n\t\t\t\t\t\t<section class=\"elementor-section elementor-top-section elementor-element elementor-element-6c28555d elementor-section-boxed elementor-section-height-default elementor-section-height-default\" data-id=\"6c28555d\" data-element_type=\"section\" data-e-type=\"section\" data-settings=\"{&quot;background_background&quot;:&quot;classic&quot;}\">\n\t\t\t\t\t\t\t<div class=\"elementor-background-overlay\"><\/div>\n\t\t\t\t\t\t\t<div class=\"elementor-container elementor-column-gap-no\">\n\t\t\t\t\t<div class=\"elementor-column elementor-col-100 elementor-top-column elementor-element elementor-element-161fd368 elementor-invisible\" data-id=\"161fd368\" data-element_type=\"column\" data-e-type=\"column\" data-settings=\"{&quot;animation&quot;:&quot;fadeIn&quot;}\">\n\t\t\t<div class=\"elementor-widget-wrap elementor-element-populated\">\n\t\t\t\t\t\t<div class=\"elementor-element elementor-element-57fa992f elementor-widget elementor-widget-image\" data-id=\"57fa992f\" data-element_type=\"widget\" data-e-type=\"widget\" data-widget_type=\"image.default\">\n\t\t\t\t\t\t\t\t\t\t\t\t\t\t\t<img fetchpriority=\"high\" decoding=\"async\" width=\"598\" height=\"600\" src=\"https:\/\/wocwithoneclick.org\/wp-content\/uploads\/2026\/03\/LOGO-Transparent2-1.png\" class=\"attachment-full size-full wp-image-293\" alt=\"\" srcset=\"https:\/\/wocwithoneclick.org\/wp-content\/uploads\/2026\/03\/LOGO-Transparent2-1.png 598w, https:\/\/wocwithoneclick.org\/wp-content\/uploads\/2026\/03\/LOGO-Transparent2-1-300x300.png 300w, https:\/\/wocwithoneclick.org\/wp-content\/uploads\/2026\/03\/LOGO-Transparent2-1-100x100.png 100w, https:\/\/wocwithoneclick.org\/wp-content\/uploads\/2026\/03\/LOGO-Transparent2-1-150x150.png 150w, https:\/\/wocwithoneclick.org\/wp-content\/uploads\/2026\/03\/LOGO-Transparent2-1-200x200.png 200w, https:\/\/wocwithoneclick.org\/wp-content\/uploads\/2026\/03\/LOGO-Transparent2-1-400x400.png 400w, https:\/\/wocwithoneclick.org\/wp-content\/uploads\/2026\/03\/elementor\/thumbs\/LOGO-Transparent2-1-rjuwqrdl9c8pt2blk72t7sz0qmkqkakk5isqlsfhnk.png 80w\" sizes=\"(max-width: 598px) 100vw, 598px\" \/>\t\t\t\t\t\t\t\t\t\t\t\t\t\t\t<\/div>\n\t\t\t\t<div class=\"elementor-element elementor-element-46c43f06 elementor-widget elementor-widget-heading\" data-id=\"46c43f06\" data-element_type=\"widget\" data-e-type=\"widget\" data-widget_type=\"heading.default\">\n\t\t\t\t\t<h4 class=\"elementor-heading-title elementor-size-default\">WOC with one click<\/h4>\t\t\t\t<\/div>\n\t\t\t\t<div class=\"elementor-element elementor-element-c38b1af elementor-icon-list--layout-inline elementor-align-center elementor-list-item-link-full_width elementor-widget elementor-widget-icon-list\" data-id=\"c38b1af\" data-element_type=\"widget\" data-e-type=\"widget\" data-widget_type=\"icon-list.default\">\n\t\t\t\t\t\t\t<ul class=\"elementor-icon-list-items elementor-inline-items\">\n\t\t\t\t\t\t\t<li class=\"elementor-icon-list-item elementor-inline-item\">\n\t\t\t\t\t\t\t\t\t\t<span class=\"elementor-icon-list-text\">\u200b\u0392\u03c1\u03b5\u03af\u03c4\u03b5<\/span>\n\t\t\t\t\t\t\t\t\t<\/li>\n\t\t\t\t\t\t\t\t<li class=\"elementor-icon-list-item elementor-inline-item\">\n\t\t\t\t\t\t\t\t\t\t\t<span class=\"elementor-icon-list-icon\">\n\t\t\t\t\t\t\t<svg aria-hidden=\"true\" class=\"e-font-icon-svg e-far-dot-circle\" viewBox=\"0 0 512 512\" xmlns=\"http:\/\/www.w3.org\/2000\/svg\"><path d=\"M256 56c110.532 0 200 89.451 200 200 0 110.532-89.451 200-200 200-110.532 0-200-89.451-200-200 0-110.532 89.451-200 200-200m0-48C119.033 8 8 119.033 8 256s111.033 248 248 248 248-111.033 248-248S392.967 8 256 8zm0 168c-44.183 0-80 35.817-80 80s35.817 80 80 80 80-35.817 80-80-35.817-80-80-80z\"><\/path><\/svg>\t\t\t\t\t\t<\/span>\n\t\t\t\t\t\t\t\t\t\t<span class=\"elementor-icon-list-text\">\u039a\u03ac\u03bd\u03c4\u03b5 \u03ba\u03c1\u03ac\u03c4\u03b7\u03c3\u03b7<\/span>\n\t\t\t\t\t\t\t\t\t<\/li>\n\t\t\t\t\t\t\t\t<li class=\"elementor-icon-list-item elementor-inline-item\">\n\t\t\t\t\t\t\t\t\t\t\t<span class=\"elementor-icon-list-icon\">\n\t\t\t\t\t\t\t<svg aria-hidden=\"true\" class=\"e-font-icon-svg e-far-dot-circle\" viewBox=\"0 0 512 512\" xmlns=\"http:\/\/www.w3.org\/2000\/svg\"><path d=\"M256 56c110.532 0 200 89.451 200 200 0 110.532-89.451 200-200 200-110.532 0-200-89.451-200-200 0-110.532 89.451-200 200-200m0-48C119.033 8 8 119.033 8 256s111.033 248 248 248 248-111.033 248-248S392.967 8 256 8zm0 168c-44.183 0-80 35.817-80 80s35.817 80 80 80 80-35.817 80-80-35.817-80-80-80z\"><\/path><\/svg>\t\t\t\t\t\t<\/span>\n\t\t\t\t\t\t\t\t\t\t<span class=\"elementor-icon-list-text\">\u0388\u03c4\u03bf\u03b9\u03bc\u03bf<\/span>\n\t\t\t\t\t\t\t\t\t<\/li>\n\t\t\t\t\t\t<\/ul>\n\t\t\t\t\t\t<\/div>\n\t\t\t\t<div class=\"elementor-element elementor-element-3d69f23e elementor-widget elementor-widget-heading\" data-id=\"3d69f23e\" data-element_type=\"widget\" data-e-type=\"widget\" data-widget_type=\"heading.default\">\n\t\t\t\t\t<h2 class=\"elementor-heading-title elementor-size-default\">\u0395\u03b3\u03b3\u03c1\u03b1\u03c6\u03ae<\/h2>\t\t\t\t<\/div>\n\t\t\t\t<div class=\"elementor-element elementor-element-bbe0b02 elementor-icon-list--layout-inline elementor-align-center elementor-list-item-link-full_width elementor-widget elementor-widget-icon-list\" data-id=\"bbe0b02\" data-element_type=\"widget\" data-e-type=\"widget\" data-widget_type=\"icon-list.default\">\n\t\t\t\t\t\t\t<ul class=\"elementor-icon-list-items elementor-inline-items\">\n\t\t\t\t\t\t\t<li class=\"elementor-icon-list-item elementor-inline-item\">\n\t\t\t\t\t\t\t\t\t\t<span class=\"elementor-icon-list-text\">\u200b\u0392\u03c1\u03b5\u03af\u03c4\u03b5<\/span>\n\t\t\t\t\t\t\t\t\t<\/li>\n\t\t\t\t\t\t\t\t<li class=\"elementor-icon-list-item elementor-inline-item\">\n\t\t\t\t\t\t\t\t\t\t\t<span class=\"elementor-icon-list-icon\">\n\t\t\t\t\t\t\t<svg aria-hidden=\"true\" class=\"e-font-icon-svg e-far-dot-circle\" viewBox=\"0 0 512 512\" xmlns=\"http:\/\/www.w3.org\/2000\/svg\"><path d=\"M256 56c110.532 0 200 89.451 200 200 0 110.532-89.451 200-200 200-110.532 0-200-89.451-200-200 0-110.532 89.451-200 200-200m0-48C119.033 8 8 119.033 8 256s111.033 248 248 248 248-111.033 248-248S392.967 8 256 8zm0 168c-44.183 0-80 35.817-80 80s35.817 80 80 80 80-35.817 80-80-35.817-80-80-80z\"><\/path><\/svg>\t\t\t\t\t\t<\/span>\n\t\t\t\t\t\t\t\t\t\t<span class=\"elementor-icon-list-text\">\u039a\u03ac\u03bd\u03c4\u03b5 \u03ba\u03c1\u03ac\u03c4\u03b7\u03c3\u03b7<\/span>\n\t\t\t\t\t\t\t\t\t<\/li>\n\t\t\t\t\t\t\t\t<li class=\"elementor-icon-list-item elementor-inline-item\">\n\t\t\t\t\t\t\t\t\t\t\t<span class=\"elementor-icon-list-icon\">\n\t\t\t\t\t\t\t<svg aria-hidden=\"true\" class=\"e-font-icon-svg e-far-dot-circle\" viewBox=\"0 0 512 512\" xmlns=\"http:\/\/www.w3.org\/2000\/svg\"><path d=\"M256 56c110.532 0 200 89.451 200 200 0 110.532-89.451 200-200 200-110.532 0-200-89.451-200-200 0-110.532 89.451-200 200-200m0-48C119.033 8 8 119.033 8 256s111.033 248 248 248 248-111.033 248-248S392.967 8 256 8zm0 168c-44.183 0-80 35.817-80 80s35.817 80 80 80 80-35.817 80-80-35.817-80-80-80z\"><\/path><\/svg>\t\t\t\t\t\t<\/span>\n\t\t\t\t\t\t\t\t\t\t<span class=\"elementor-icon-list-text\">\u0388\u03c4\u03bf\u03b9\u03bc\u03bf<\/span>\n\t\t\t\t\t\t\t\t\t<\/li>\n\t\t\t\t\t\t<\/ul>\n\t\t\t\t\t\t<\/div>\n\t\t\t\t<div class=\"elementor-element elementor-element-12e8ae1b elementor-widget elementor-widget-spacer\" data-id=\"12e8ae1b\" data-element_type=\"widget\" data-e-type=\"widget\" data-widget_type=\"spacer.default\">\n\t\t\t\t\t\t\t<div class=\"elementor-spacer\">\n\t\t\t<div class=\"elementor-spacer-inner\"><\/div>\n\t\t<\/div>\n\t\t\t\t\t\t<\/div>\n\t\t\t\t\t<\/div>\n\t\t<\/div>\n\t\t\t\t\t<\/div>\n\t\t<\/section>\n\t\t<div class=\"elementor-element elementor-element-60f513c e-flex e-con-boxed e-con e-parent\" data-id=\"60f513c\" data-element_type=\"container\" data-e-type=\"container\" data-settings=\"{&quot;background_background&quot;:&quot;classic&quot;}\">\n\t\t\t\t\t<div class=\"e-con-inner\">\n\t\t<div class=\"elementor-element elementor-element-bbb4fa1 e-con-full e-flex e-con e-child\" data-id=\"bbb4fa1\" data-element_type=\"container\" data-e-type=\"container\" data-settings=\"{&quot;background_background&quot;:&quot;classic&quot;}\">\n\t\t\t\t<div class=\"elementor-element elementor-element-34d01bc elementor-widget elementor-widget-heading\" data-id=\"34d01bc\" data-element_type=\"widget\" data-e-type=\"widget\" data-widget_type=\"heading.default\">\n\t\t\t\t\t<h2 class=\"elementor-heading-title elementor-size-default\">\u0394\u03c9\u03c1\u03b5\u03ac\u03bd \u039a\u03b1\u03c4\u03b1\u03c7\u03ce\u03c1\u03b7\u03c3\u03b7<\/h2>\t\t\t\t<\/div>\n\t\t\t\t<div class=\"elementor-element elementor-element-4f630cf elementor-widget elementor-widget-text-editor\" data-id=\"4f630cf\" data-element_type=\"widget\" data-e-type=\"widget\" data-widget_type=\"text-editor.default\">\n\t\t\t\t\t\t\t\t\t<p>\u039a\u03b1\u03c4\u03b1\u03c7\u03ce\u03c1\u03b7\u03c3\u03b5 \u03b4\u03c9\u03c1\u03b5\u03ac\u03bd \u03c4\u03b7\u03bd \u03b5\u03c0\u03b9\u03c7\u03b5\u03af\u03c1\u03b7\u03c3\u03ae \u03c3\u03bf\u03c5 \u03c3\u03c4\u03bf\u03bd \u03a0\u03b1\u03bd\u03b5\u03bb\u03bb\u03ae\u03bd\u03b9\u03bf \u03ba\u03b1\u03c4\u03ac\u03bb\u03bf\u03b3\u03cc \u03bc\u03b1\u03c2, \u03c3\u03c5\u03bc\u03c0\u03bb\u03b7\u03c1\u03ce\u03bd\u03bf\u03bd\u03c4\u03b1\u03c2 \u03c4\u03b1 \u03b1\u03c0\u03b1\u03c1\u03b1\u03af\u03c4\u03b7\u03c4\u03b1 \u03c0\u03b5\u03b4\u03af\u03b1. \u0398\u03b1 \u03b4\u03b7\u03bc\u03b9\u03bf\u03c5\u03c1\u03b3\u03ae\u03c3\u03bf\u03c5\u03bc\u03b5 \u03c4\u03b7\u03bd \u03c0\u03c1\u03bf\u03b2\u03bf\u03bb\u03ae \u03c3\u03bf\u03c5 \u03ba\u03b1\u03b9 \u03b8\u03b1 \u03c3\u03b5 \u03b5\u03bd\u03b7\u03bc\u03b5\u03c1\u03ce\u03c3\u03bf\u03c5\u03bc\u03b5 \u03bc\u03b5 email \u03b3\u03b9\u03b1 \u03c4\u03b7\u03bd \u03b5\u03bd\u03b5\u03c1\u03b3\u03bf\u03c0\u03bf\u03af\u03b7\u03c3\u03b7 \u03c4\u03b7\u03c2.<\/p><p>\u03a4\u03b1 \u03c0\u03b5\u03b4\u03af\u03b1 \u03bc\u03b5 \u03c4\u03bf * \u03b5\u03af\u03bd\u03b1\u03b9 \u03c5\u03c0\u03bf\u03c7\u03c1\u03b5\u03c9\u03c4\u03b9\u03ba\u03ac.<\/p>\t\t\t\t\t\t\t\t<\/div>\n\t\t\t\t<\/div>\n\t\t<div class=\"elementor-element elementor-element-31b7444 e-con-full e-flex e-con e-child\" data-id=\"31b7444\" data-element_type=\"container\" data-e-type=\"container\" data-settings=\"{&quot;background_background&quot;:&quot;classic&quot;}\">\n\t\t\t\t<div class=\"elementor-element elementor-element-abe8759 elementor-widget elementor-widget-heading\" data-id=\"abe8759\" data-element_type=\"widget\" data-e-type=\"widget\" data-widget_type=\"heading.default\">\n\t\t\t\t\t<h2 class=\"elementor-heading-title elementor-size-default\">\u0395\u03b3\u03b3\u03c1\u03b1\u03c6\u03ae<\/h2>\t\t\t\t<\/div>\n\t\t\t\t<div class=\"elementor-element elementor-element-a2b666e elementor-widget elementor-widget-text-editor\" data-id=\"a2b666e\" data-element_type=\"widget\" data-e-type=\"widget\" data-widget_type=\"text-editor.default\">\n\t\t\t\t\t\t\t\t\t<p>\u03a0\u03b1\u03c1\u03b1\u03ba\u03b1\u03bb\u03bf\u03cd\u03bc\u03b5 \u03c3\u03c5\u03bc\u03c0\u03bb\u03b7\u03c1\u03ce\u03c3\u03c4\u03b5 \u03c4\u03b7\u03bd \u03c0\u03b1\u03c1\u03b1\u03ba\u03ac\u03c4\u03c9 \u03c6\u03cc\u03c1\u03bc\u03b1 \u03b3\u03b9\u03b1 \u03b5\u03b3\u03b3\u03c1\u03b1\u03c6\u03ae.<\/p>\t\t\t\t\t\t\t\t<\/div>\n\t\t\t\t<div class=\"elementor-element elementor-element-60bcbd2 elementor-button-align-center elementor-widget elementor-widget-form\" data-id=\"60bcbd2\" data-element_type=\"widget\" data-e-type=\"widget\" data-settings=\"{&quot;step_next_label&quot;:&quot;Next&quot;,&quot;step_previous_label&quot;:&quot;Previous&quot;,&quot;step_type&quot;:&quot;number_text&quot;,&quot;step_icon_shape&quot;:&quot;circle&quot;}\" data-widget_type=\"form.default\">\n\t\t\t\t\t\t\t<form class=\"elementor-form\" method=\"post\" id=\"firmen_registrierung_el\" name=\"firmen_registrierung\" aria-label=\"firmen_registrierung\">\n\t\t\t<input type=\"hidden\" name=\"post_id\" value=\"4714\"\/>\n\t\t\t<input type=\"hidden\" name=\"form_id\" value=\"60bcbd2\"\/>\n\t\t\t<input type=\"hidden\" name=\"referer_title\" value=\"Registration GR\" \/>\n\n\t\t\t\t\t\t\t<input type=\"hidden\" name=\"queried_id\" value=\"4714\"\/>\n\t\t\t\n\t\t\t<div class=\"elementor-form-fields-wrapper elementor-labels-above\">\n\t\t\t\t\t\t\t\t<div class=\"elementor-field-type-text elementor-field-group elementor-column elementor-field-group-first_name elementor-col-100 elementor-field-required elementor-mark-required\">\n\t\t\t\t\t\t\t\t\t\t\t\t<label for=\"form-field-first_name\" class=\"elementor-field-label\">\n\t\t\t\t\t\t\t\t\u039f\u03bd\u03bf\u03bc\u03b1\t\t\t\t\t\t\t<\/label>\n\t\t\t\t\t\t\t\t\t\t\t\t\t\t<input size=\"1\" type=\"text\" name=\"form_fields[first_name]\" id=\"form-field-first_name\" class=\"elementor-field elementor-size-md  elementor-field-textual\" placeholder=\"\u039f\u03bd\u03bf\u03bc\u03b1\" required=\"required\">\n\t\t\t\t\t\t\t\t\t\t\t<\/div>\n\t\t\t\t\t\t\t\t<div class=\"elementor-field-type-text elementor-field-group elementor-column elementor-field-group-last_name elementor-col-100 elementor-field-required elementor-mark-required\">\n\t\t\t\t\t\t\t\t\t\t\t\t<label for=\"form-field-last_name\" class=\"elementor-field-label\">\n\t\t\t\t\t\t\t\t\u0395\u03c0\u03ce\u03bd\u03c5\u03bc\u03bf\t\t\t\t\t\t\t<\/label>\n\t\t\t\t\t\t\t\t\t\t\t\t\t\t<input size=\"1\" type=\"text\" name=\"form_fields[last_name]\" id=\"form-field-last_name\" class=\"elementor-field elementor-size-md  elementor-field-textual\" placeholder=\"\u0395\u03c0\u03ce\u03bd\u03c5\u03bc\u03bf\" required=\"required\">\n\t\t\t\t\t\t\t\t\t\t\t<\/div>\n\t\t\t\t\t\t\t\t<div class=\"elementor-field-type-text elementor-field-group elementor-column elementor-field-group-field_f1dba99 elementor-col-100\">\n\t\t\t\t\t\t\t\t\t\t\t\t<label for=\"form-field-field_f1dba99\" class=\"elementor-field-label\">\n\t\t\t\t\t\t\t\t\u038c\u03bd\u03bf\u03bc\u03b1 \u03b5\u03c4\u03b1\u03b9\u03c1\u03b5\u03af\u03b1\u03c2\t\t\t\t\t\t\t<\/label>\n\t\t\t\t\t\t\t\t\t\t\t\t\t\t<input size=\"1\" type=\"text\" name=\"form_fields[field_f1dba99]\" id=\"form-field-field_f1dba99\" class=\"elementor-field elementor-size-md  elementor-field-textual\" placeholder=\"\u038c\u03bd\u03bf\u03bc\u03b1 \u03b5\u03c4\u03b1\u03b9\u03c1\u03b5\u03af\u03b1\u03c2\">\n\t\t\t\t\t\t\t\t\t\t\t<\/div>\n\t\t\t\t\t\t\t\t<div class=\"elementor-field-type-email elementor-field-group elementor-column elementor-field-group-email elementor-col-100 elementor-field-required elementor-mark-required\">\n\t\t\t\t\t\t\t\t\t\t\t\t<label for=\"form-field-email\" class=\"elementor-field-label\">\n\t\t\t\t\t\t\t\tEmail\t\t\t\t\t\t\t<\/label>\n\t\t\t\t\t\t\t\t\t\t\t\t\t\t<input size=\"1\" type=\"email\" name=\"form_fields[email]\" id=\"form-field-email\" class=\"elementor-field elementor-size-md  elementor-field-textual\" placeholder=\"Email\" required=\"required\">\n\t\t\t\t\t\t\t\t\t\t\t<\/div>\n\t\t\t\t\t\t\t\t<div class=\"elementor-field-type-password elementor-field-group elementor-column elementor-field-group-pass1 elementor-col-100 elementor-field-required elementor-mark-required\">\n\t\t\t\t\t\t\t\t\t\t\t\t<label for=\"form-field-pass1\" class=\"elementor-field-label\">\n\t\t\t\t\t\t\t\t\u03ba\u03ce\u03b4\u03b9\u03ba\u03b1\u03c2 \u03c0\u03c1\u03cc\u03c3\u03b2\u03b1\u03c3\u03b7\u03c2\t\t\t\t\t\t\t<\/label>\n\t\t\t\t\t\t\t\t\t\t\t\t\t\t<input size=\"1\" type=\"password\" name=\"form_fields[pass1]\" id=\"form-field-pass1\" class=\"elementor-field elementor-size-md  elementor-field-textual\" placeholder=\"\u03ba\u03ce\u03b4\u03b9\u03ba\u03b1\u03c2 \u03c0\u03c1\u03cc\u03c3\u03b2\u03b1\u03c3\u03b7\u03c2\" required=\"required\">\n\t\t\t\t\t\t\t\t\t\t\t<\/div>\n\t\t\t\t\t\t\t\t<div class=\"elementor-field-type-password elementor-field-group elementor-column elementor-field-group-pass2 elementor-col-100 elementor-field-required elementor-mark-required\">\n\t\t\t\t\t\t\t\t\t\t\t\t<label for=\"form-field-pass2\" class=\"elementor-field-label\">\n\t\t\t\t\t\t\t\t\u0395\u03c0\u03b9\u03b2\u03b5\u03b2\u03b1\u03af\u03c9\u03c3\u03b7 \u03ba\u03c9\u03b4\u03b9\u03ba\u03bf\u03cd \u03c0\u03c1\u03cc\u03c3\u03b2\u03b1\u03c3\u03b7\u03c2\t\t\t\t\t\t\t<\/label>\n\t\t\t\t\t\t\t\t\t\t\t\t\t\t<input size=\"1\" type=\"password\" name=\"form_fields[pass2]\" id=\"form-field-pass2\" class=\"elementor-field elementor-size-md  elementor-field-textual\" placeholder=\"\u0395\u03c0\u03b9\u03b2\u03b5\u03b2\u03b1\u03af\u03c9\u03c3\u03b7 \u03ba\u03c9\u03b4\u03b9\u03ba\u03bf\u03cd \u03c0\u03c1\u03cc\u03c3\u03b2\u03b1\u03c3\u03b7\u03c2\" required=\"required\">\n\t\t\t\t\t\t\t\t\t\t\t<\/div>\n\t\t\t\t\t\t\t\t<div class=\"elementor-field-type-recaptcha elementor-field-group elementor-column elementor-field-group-field_cafbe45 elementor-col-100\">\n\t\t\t\t\t<div class=\"elementor-field\" id=\"form-field-field_cafbe45\"><div class=\"elementor-g-recaptcha\" data-sitekey=\"6LcuYLgsAAAAAGoPXQnJb0JdJ5mk_92IAyoEW44e\" data-type=\"v2_checkbox\" data-theme=\"light\" data-size=\"normal\"><\/div><\/div>\t\t\t\t<\/div>\n\t\t\t\t\t\t\t\t<div class=\"elementor-field-group elementor-column elementor-field-type-submit elementor-col-100 e-form__buttons\">\n\t\t\t\t\t<button class=\"elementor-button elementor-size-sm\" type=\"submit\">\n\t\t\t\t\t\t<span class=\"elementor-button-content-wrapper\">\n\t\t\t\t\t\t\t\t\t\t\t\t\t\t\t\t\t\t\t\t\t\t<span class=\"elementor-button-text\">\u03a5\u03c0\u03bf\u03b2\u03bf\u03bb\u03b7<\/span>\n\t\t\t\t\t\t\t\t\t\t\t\t\t<\/span>\n\t\t\t\t\t<\/button>\n\t\t\t\t<\/div>\n\t\t\t<\/div>\n\t\t<\/form>\n\t\t\t\t\t\t<\/div>\n\t\t\t\t<div class=\"elementor-element elementor-element-d56a1d5 elementor-widget elementor-widget-text-editor\" data-id=\"d56a1d5\" data-element_type=\"widget\" data-e-type=\"widget\" data-widget_type=\"text-editor.default\">\n\t\t\t\t\t\t\t\t\t<p><em class=\"eujQNb\" data-sfc-cb=\"\" data-complete=\"true\" aria-owns=\"action-menu-parent-container\">\u0389\u03b4\u03b7 \u03b5\u03b3\u03b3\u03b5\u03b3\u03c1\u03b1\u03bc\u03bc\u03ad\u03bd\u03bf\u03c2\/\u03b7; <a href=\"https:\/\/wocwithoneclick.org\/el\/login-woc-gr\/\"><span style=\"color: #3366ff;\"><strong class=\"Yjhzub\" data-sfc-cb=\"\" data-complete=\"true\"><span class=\"T286Pc\" data-sfc-cp=\"\" data-sfc-cb=\"\" data-complete=\"true\">\u03a3\u03cd\u03bd\u03b4\u03b5\u03c3\u03b7<\/span><\/strong><\/span><\/a><\/em><\/p>\t\t\t\t\t\t\t\t<\/div>\n\t\t\t\t<div class=\"elementor-element elementor-element-b9c4df8 elementor-widget elementor-widget-html\" data-id=\"b9c4df8\" data-element_type=\"widget\" data-e-type=\"widget\" data-widget_type=\"html.default\">\n\t\t\t\t\t<script>\r\ndocument.addEventListener('DOMContentLoaded', function() {\r\n    const form = document.querySelector('.elementor-form');\r\n    form.addEventListener('submit', function(e) {\r\n        const pass1 = document.getElementById('form-field-pass1').value;\r\n        const pass2 = document.getElementById('form-field-pass2').value;\r\n\r\n        if (pass1 !== pass2) {\r\n            e.preventDefault();\r\n            alert('Die Passw\u00f6rter stimmen nicht \u00fcberein! Bitte pr\u00fcfen.');\r\n        }\r\n    });\r\n});\r\n<\/script>\r\n\r\n\r\n\r\n\r\n\r\n\r\n\r\n\t\t\t\t<\/div>\n\t\t\t\t<div class=\"elementor-element elementor-element-5bc528f elementor-widget elementor-widget-html\" data-id=\"5bc528f\" data-element_type=\"widget\" data-e-type=\"widget\" data-widget_type=\"html.default\">\n\t\t\t\t\t<style>\n    \/* 1. Zwingt das Telefonfeld auf 100% Breite wie Street *\/\n    .elementor-field-group-tel, \n    .elementor-field-type-tel {\n        flex: 0 0 100% !important;\n        max-width: 100% !important;\n        width: 100% !important;\n        position: relative !important;\n        display: block !important;\n    }\n\n    \/* 2. Schreibt die +30 als festen Text LINKS in das Feld *\/\n    .elementor-field-group-tel::before {\n        content: \"+30\";\n        position: absolute;\n        left: 12px;\n        \/* Passt die H\u00f6he an, damit es mittig im Feld sitzt *\/\n        bottom: 11px; \n        font-weight: bold;\n        color: #000000;\n        z-index: 10;\n        pointer-events: none; \/* Klicks gehen durch zum Feld *\/\n        font-family: sans-serif;\n        font-size: 15px;\n    }\n\n    \/* 3. Schafft Platz im Feld f\u00fcr die +30 *\/\n    #form-field-tel {\n        padding-left: 50px !important;\n        width: 100% !important;\n        height: 45px !important;\n        box-sizing: border-box !important;\n    }\n<\/style>\n\t\t\t\t<\/div>\n\t\t\t\t<\/div>\n\t\t\t\t\t<\/div>\n\t\t\t\t<\/div>\n\t\t\t\t<\/div>\n\t\t","protected":false},"excerpt":{"rendered":"<p>WOC with one click \u200b\u0392\u03c1\u03b5\u03af\u03c4\u03b5 \u039a\u03ac\u03bd\u03c4\u03b5 \u03ba\u03c1\u03ac\u03c4\u03b7\u03c3\u03b7 \u0388\u03c4\u03bf\u03b9\u03bc\u03bf \u0395\u03b3\u03b3\u03c1\u03b1\u03c6\u03ae \u200b\u0392\u03c1\u03b5\u03af\u03c4\u03b5 \u039a\u03ac\u03bd\u03c4\u03b5 \u03ba\u03c1\u03ac\u03c4\u03b7\u03c3\u03b7 \u0388\u03c4\u03bf\u03b9\u03bc\u03bf \u0394\u03c9\u03c1\u03b5\u03ac\u03bd \u039a\u03b1\u03c4\u03b1\u03c7\u03ce\u03c1\u03b7\u03c3\u03b7 \u039a\u03b1\u03c4\u03b1\u03c7\u03ce\u03c1\u03b7\u03c3\u03b5 \u03b4\u03c9\u03c1\u03b5\u03ac\u03bd \u03c4\u03b7\u03bd \u03b5\u03c0\u03b9\u03c7\u03b5\u03af\u03c1\u03b7\u03c3\u03ae \u03c3\u03bf\u03c5 \u03c3\u03c4\u03bf\u03bd \u03a0\u03b1\u03bd\u03b5\u03bb\u03bb\u03ae\u03bd\u03b9\u03bf \u03ba\u03b1\u03c4\u03ac\u03bb\u03bf\u03b3\u03cc \u03bc\u03b1\u03c2, \u03c3\u03c5\u03bc\u03c0\u03bb\u03b7\u03c1\u03ce\u03bd\u03bf\u03bd\u03c4\u03b1\u03c2 \u03c4\u03b1 \u03b1\u03c0\u03b1\u03c1\u03b1\u03af\u03c4\u03b7\u03c4\u03b1 \u03c0\u03b5\u03b4\u03af\u03b1. \u0398\u03b1 \u03b4\u03b7\u03bc\u03b9\u03bf\u03c5\u03c1\u03b3\u03ae\u03c3\u03bf\u03c5\u03bc\u03b5 \u03c4\u03b7\u03bd \u03c0\u03c1\u03bf\u03b2\u03bf\u03bb\u03ae \u03c3\u03bf\u03c5 \u03ba\u03b1\u03b9 \u03b8\u03b1 \u03c3\u03b5 \u03b5\u03bd\u03b7\u03bc\u03b5\u03c1\u03ce\u03c3\u03bf\u03c5\u03bc\u03b5 \u03bc\u03b5 email \u03b3\u03b9\u03b1 \u03c4\u03b7\u03bd \u03b5\u03bd\u03b5\u03c1\u03b3\u03bf\u03c0\u03bf\u03af\u03b7\u03c3\u03b7 \u03c4\u03b7\u03c2. \u03a4\u03b1 \u03c0\u03b5\u03b4\u03af\u03b1 \u03bc\u03b5 \u03c4\u03bf * \u03b5\u03af\u03bd\u03b1\u03b9 \u03c5\u03c0\u03bf\u03c7\u03c1\u03b5\u03c9\u03c4\u03b9\u03ba\u03ac. \u0395\u03b3\u03b3\u03c1\u03b1\u03c6\u03ae \u03a0\u03b1\u03c1\u03b1\u03ba\u03b1\u03bb\u03bf\u03cd\u03bc\u03b5 \u03c3\u03c5\u03bc\u03c0\u03bb\u03b7\u03c1\u03ce\u03c3\u03c4\u03b5 \u03c4\u03b7\u03bd \u03c0\u03b1\u03c1\u03b1\u03ba\u03ac\u03c4\u03c9 [&hellip;]<\/p>\n","protected":false},"author":1,"featured_media":0,"parent":0,"menu_order":0,"comment_status":"closed","ping_status":"closed","template":"elementor_header_footer","meta":{"_acf_changed":false,"footnotes":""},"class_list":["post-4714","page","type-page","status-publish","hentry"],"acf":[],"_links":{"self":[{"href":"https:\/\/wocwithoneclick.org\/en\/wp-json\/wp\/v2\/pages\/4714","targetHints":{"allow":["GET"]}}],"collection":[{"href":"https:\/\/wocwithoneclick.org\/en\/wp-json\/wp\/v2\/pages"}],"about":[{"href":"https:\/\/wocwithoneclick.org\/en\/wp-json\/wp\/v2\/types\/page"}],"author":[{"embeddable":true,"href":"https:\/\/wocwithoneclick.org\/en\/wp-json\/wp\/v2\/users\/1"}],"replies":[{"embeddable":true,"href":"https:\/\/wocwithoneclick.org\/en\/wp-json\/wp\/v2\/comments?post=4714"}],"version-history":[{"count":43,"href":"https:\/\/wocwithoneclick.org\/en\/wp-json\/wp\/v2\/pages\/4714\/revisions"}],"predecessor-version":[{"id":5864,"href":"https:\/\/wocwithoneclick.org\/en\/wp-json\/wp\/v2\/pages\/4714\/revisions\/5864"}],"wp:attachment":[{"href":"https:\/\/wocwithoneclick.org\/en\/wp-json\/wp\/v2\/media?parent=4714"}],"curies":[{"name":"wp","href":"https:\/\/api.w.org\/{rel}","templated":true}]}}